{"id":26,"date":"2025-01-09T18:03:10","date_gmt":"2025-01-09T18:03:10","guid":{"rendered":"https:\/\/fgconsultores.cl\/?page_id=26"},"modified":"2025-01-09T18:54:44","modified_gmt":"2025-01-09T18:54:44","slug":"inicio","status":"publish","type":"page","link":"https:\/\/fgconsultores.cl\/","title":{"rendered":"Inicio"},"content":{"rendered":"\t\t<div data-elementor-type=\"wp-page\" data-elementor-id=\"26\" class=\"elementor elementor-26\">\n\t\t\t\t<div class=\"elementor-element elementor-element-ab4d0bf e-flex e-con-boxed e-con e-parent\" data-id=\"ab4d0bf\" data-element_type=\"container\" data-settings=\"{&quot;background_background&quot;:&quot;classic&quot;}\">\n\t\t\t\t\t<div class=\"e-con-inner\">\n\t\t\t\t<div class=\"elementor-element elementor-element-2119eef elementor-widget elementor-widget-heading\" data-id=\"2119eef\" data-element_type=\"widget\" data-widget_type=\"heading.default\">\n\t\t\t\t<div class=\"elementor-widget-container\">\n\t\t\t\t\t<h2 class=\"elementor-heading-title elementor-size-default\">Consultor\u00eda de Infraestructura de Alto Nivel<\/h2>\t\t\t\t<\/div>\n\t\t\t\t<\/div>\n\t\t\t\t<div class=\"elementor-element elementor-element-73edb48 elementor-widget elementor-widget-text-editor\" data-id=\"73edb48\" data-element_type=\"widget\" data-widget_type=\"text-editor.default\">\n\t\t\t\t<div class=\"elementor-widget-container\">\n\t\t\t\t\t\t\t\t\t<p>A trav\u00e9s de nuestros servicios de consultor\u00eda, ofrecemos soluciones integrales en la planificaci\u00f3n, desarrollo y supervisi\u00f3n de proyectos de ingenier\u00eda, garantizando alta calidad, cumplimiento normativo y optimizaci\u00f3n de recursos. Nuestro enfoque se centra en la resoluci\u00f3n efectiva de conflictos contractuales, el acompa\u00f1amiento estrat\u00e9gico durante el proceso de licitaci\u00f3n y la direcci\u00f3n de equipos para lograr resultados exitosos y sostenibles para los clientes y comunidades.<\/p>\t\t\t\t\t\t\t\t<\/div>\n\t\t\t\t<\/div>\n\t\t\t\t<div class=\"elementor-element elementor-element-11df7c5 elementor-widget elementor-widget-button\" data-id=\"11df7c5\" data-element_type=\"widget\" data-widget_type=\"button.default\">\n\t\t\t\t<div class=\"elementor-widget-container\">\n\t\t\t\t\t\t\t\t\t<div class=\"elementor-button-wrapper\">\n\t\t\t\t\t<a class=\"elementor-button elementor-button-link elementor-size-sm\" href=\"#\">\n\t\t\t\t\t\t<span class=\"elementor-button-content-wrapper\">\n\t\t\t\t\t\t\t\t\t<span class=\"elementor-button-text\">M\u00e1s informaci\u00f3n<\/span>\n\t\t\t\t\t<\/span>\n\t\t\t\t\t<\/a>\n\t\t\t\t<\/div>\n\t\t\t\t\t\t\t\t<\/div>\n\t\t\t\t<\/div>\n\t\t\t\t\t<\/div>\n\t\t\t\t<\/div>\n\t\t\t\t<\/div>\n\t\t","protected":false},"excerpt":{"rendered":"<p>Consultor\u00eda de Infraestructura de Alto Nivel A trav\u00e9s de nuestros servicios de consultor\u00eda, ofrecemos soluciones integrales en la planificaci\u00f3n, desarrollo y supervisi\u00f3n de proyectos de<a href=\"https:\/\/fgconsultores.cl\/\" class=\"more-link\">Ver m\u00e1s<\/a><\/p>\n","protected":false},"author":1,"featured_media":0,"parent":0,"menu_order":0,"comment_status":"closed","ping_status":"closed","template":"elementor_header_footer","meta":{"footnotes":""},"class_list":["post-26","page","type-page","status-publish","hentry"],"_links":{"self":[{"href":"https:\/\/fgconsultores.cl\/index.php\/wp-json\/wp\/v2\/pages\/26","targetHints":{"allow":["GET"]}}],"collection":[{"href":"https:\/\/fgconsultores.cl\/index.php\/wp-json\/wp\/v2\/pages"}],"about":[{"href":"https:\/\/fgconsultores.cl\/index.php\/wp-json\/wp\/v2\/types\/page"}],"author":[{"embeddable":true,"href":"https:\/\/fgconsultores.cl\/index.php\/wp-json\/wp\/v2\/users\/1"}],"replies":[{"embeddable":true,"href":"https:\/\/fgconsultores.cl\/index.php\/wp-json\/wp\/v2\/comments?post=26"}],"version-history":[{"count":10,"href":"https:\/\/fgconsultores.cl\/index.php\/wp-json\/wp\/v2\/pages\/26\/revisions"}],"predecessor-version":[{"id":43,"href":"https:\/\/fgconsultores.cl\/index.php\/wp-json\/wp\/v2\/pages\/26\/revisions\/43"}],"wp:attachment":[{"href":"https:\/\/fgconsultores.cl\/index.php\/wp-json\/wp\/v2\/media?parent=26"}],"curies":[{"name":"wp","href":"https:\/\/api.w.org\/{rel}","templated":true}]}}