{"id":2,"date":"2025-01-07T20:18:37","date_gmt":"2025-01-07T20:18:37","guid":{"rendered":"https:\/\/fgconsultores.cl\/?page_id=2"},"modified":"2025-01-08T16:07:26","modified_gmt":"2025-01-08T16:07:26","slug":"sobre-nosotros","status":"publish","type":"page","link":"https:\/\/fgconsultores.cl\/index.php\/sobre-nosotros\/","title":{"rendered":"Sobre nosotros"},"content":{"rendered":"\t\t<div data-elementor-type=\"wp-page\" data-elementor-id=\"2\" class=\"elementor elementor-2\">\n\t\t\t\t<div class=\"elementor-element elementor-element-306810f7 e-flex e-con-boxed e-con e-parent\" data-id=\"306810f7\" data-element_type=\"container\">\n\t\t\t\t\t<div class=\"e-con-inner\">\n\t\t\t\t<div class=\"elementor-element elementor-element-6cf47c89 elementor-widget elementor-widget-text-editor\" data-id=\"6cf47c89\" data-element_type=\"widget\" data-widget_type=\"text-editor.default\">\n\t\t\t\t<div class=\"elementor-widget-container\">\n\t\t\t\t\t\t\t\t\t\n<p>En nuestra consultor\u00eda, contamos con m\u00e1s de 23 a\u00f1os de experiencia en la gesti\u00f3n y ejecuci\u00f3n de proyectos de infraestructura p\u00fablica y privada. Nuestro fundador es Ingeniero Civil con menci\u00f3n en Estructuras y Construcci\u00f3n, titulado de la prestigiosa Universidad de Chile. A lo largo de su carrera, ha trabajado en proyectos clave de carreteras, puentes y obras complementarias, desarrollando una profunda especializaci\u00f3n en la resoluci\u00f3n de conflictos contractuales y la gesti\u00f3n de licitaciones p\u00fablicas.<\/p>\n\n\n\n<p>Nos destacamos por un enfoque basado en la organizaci\u00f3n, la proactividad y el trabajo en equipo, habilidades esenciales para dirigir proyectos exitosos bajo situaciones de presi\u00f3n y conflicto. A lo largo de los a\u00f1os, hemos consolidado un modelo de trabajo enfocado en la excelencia operativa, asegurando la m\u00e1xima calidad en cada proyecto que emprendemos.<\/p>\n\n\n\n<p>Nuestra misi\u00f3n es ofrecer soluciones eficaces y pr\u00e1cticas para cada desaf\u00edo, guiando a nuestros clientes a trav\u00e9s de todas las etapas del proyecto con una direcci\u00f3n experta y un enfoque comprometido con la entrega puntual y eficiente de los resultados.<\/p>\n\n\n\n<p>Si buscas un equipo de expertos que comprenda las complejidades de la infraestructura y que tenga la capacidad para gestionar proyectos desde su inicio hasta la entrega final, estamos aqu\u00ed para ayudarte a alcanzar tus objetivos con seguridad y \u00e9xito.<\/p>\n\t\t\t\t\t\t\t\t<\/div>\n\t\t\t\t<\/div>\n\t\t\t\t\t<\/div>\n\t\t\t\t<\/div>\n\t\t\t\t<\/div>\n\t\t","protected":false},"excerpt":{"rendered":"<p>En nuestra consultor\u00eda, contamos con m\u00e1s de 23 a\u00f1os de experiencia en la gesti\u00f3n y ejecuci\u00f3n de proyectos de infraestructura p\u00fablica y privada. Nuestro fundador<a href=\"https:\/\/fgconsultores.cl\/index.php\/sobre-nosotros\/\" class=\"more-link\">Ver m\u00e1s<\/a><\/p>\n","protected":false},"author":1,"featured_media":0,"parent":0,"menu_order":0,"comment_status":"closed","ping_status":"closed","template":"elementor_header_footer","meta":{"footnotes":""},"class_list":["post-2","page","type-page","status-publish","hentry"],"_links":{"self":[{"href":"https:\/\/fgconsultores.cl\/index.php\/wp-json\/wp\/v2\/pages\/2","targetHints":{"allow":["GET"]}}],"collection":[{"href":"https:\/\/fgconsultores.cl\/index.php\/wp-json\/wp\/v2\/pages"}],"about":[{"href":"https:\/\/fgconsultores.cl\/index.php\/wp-json\/wp\/v2\/types\/page"}],"author":[{"embeddable":true,"href":"https:\/\/fgconsultores.cl\/index.php\/wp-json\/wp\/v2\/users\/1"}],"replies":[{"embeddable":true,"href":"https:\/\/fgconsultores.cl\/index.php\/wp-json\/wp\/v2\/comments?post=2"}],"version-history":[{"count":4,"href":"https:\/\/fgconsultores.cl\/index.php\/wp-json\/wp\/v2\/pages\/2\/revisions"}],"predecessor-version":[{"id":18,"href":"https:\/\/fgconsultores.cl\/index.php\/wp-json\/wp\/v2\/pages\/2\/revisions\/18"}],"wp:attachment":[{"href":"https:\/\/fgconsultores.cl\/index.php\/wp-json\/wp\/v2\/media?parent=2"}],"curies":[{"name":"wp","href":"https:\/\/api.w.org\/{rel}","templated":true}]}}